{"id":21245,"date":"2023-08-31T08:40:03","date_gmt":"2023-08-31T08:40:03","guid":{"rendered":"https:\/\/staging.kiusamisvaba.ee\/toode\/heategevuslik-t-sark-meestele\/"},"modified":"2024-03-21T14:01:39","modified_gmt":"2024-03-21T14:01:39","slug":"heategevuslik-t-sark-meestele","status":"publish","type":"product","link":"https:\/\/staging.kiusamisvaba.ee\/ru\/product\/heategevuslik-t-sark-meestele\/","title":{"rendered":"Heategevuslik t-s\u00e4rk meestele ru"},"content":{"rendered":"<p>Sinist v\u00e4rvi T-s\u00e4rki kaunistavad Kiusamisvaba Kooli logom\u00e4rgist inspireeritud n\u00e4okesed ning h\u00fc\u00fcdlause \u201cKiusule kriips peale!\u201d Klassikaline \u00fcmarkaelusega meeste T-s\u00e4rk on silikoont\u00f6\u00f6tluega ning saadaval suurustes S-3XL. <strong>NB! Tellida soovitame \u00fche numbri v\u00f5rra suurema kui tavap\u00e4raselt kantav suurus.<\/strong>\u00a0Materjal: 100% puuvill; paksus 160 g\/m\u00b2.<\/p>\n<p><strong>Toote hinnast 50% l\u00e4heb SA Kiusamisvaba Kooli tegevuse toetuseks, sh KiVa programmi levitamiseks Eesti koolides.<\/strong><\/p>\n<p>&nbsp;<\/p>\n","protected":false},"excerpt":{"rendered":"<p>Sinist v\u00e4rvi T-s\u00e4rki kaunistavad Kiusamisvaba Kooli logom\u00e4rgist inspireeritud n\u00e4okesed ning h\u00fc\u00fcdlause \u201cKiusule kriips peale!\u201d Klassikaline \u00fcmarkaelusega meeste T-s\u00e4rk on silikoont\u00f6\u00f6tluega ning saadaval suurustes S-3XL. NB! Tellida soovitame \u00fche numbri v\u00f5rra suurema kui tavap\u00e4raselt kantav suurus.\u00a0Materjal: 100% puuvill; paksus 160 g\/m\u00b2. Toote hinnast 50% l\u00e4heb SA Kiusamisvaba Kooli tegevuse toetuseks, sh KiVa programmi levitamiseks Eesti koolides. [&hellip;]<\/p>\n","protected":false},"featured_media":16901,"comment_status":"open","ping_status":"closed","template":"","meta":{"_acf_changed":false,"inline_featured_image":false,"_monsterinsights_skip_tracking":false,"_monsterinsights_sitenote_active":false,"_monsterinsights_sitenote_note":"","_monsterinsights_sitenote_category":0},"product_cat":[167],"product_tag":[],"class_list":{"0":"post-21245","1":"product","2":"type-product","3":"status-publish","4":"has-post-thumbnail","6":"product_cat-heategevustooted-ru","8":"first","9":"instock","10":"shipping-taxable","11":"purchasable","12":"product-type-variable"},"acf":[],"yoast_head":"<!-- This site is optimized with the Yoast SEO plugin v23.2 - https:\/\/yoast.com\/wordpress\/plugins\/seo\/ -->\n<title>Heategevuslik t-s\u00e4rk meestele ru - Kiusamisvaba Kool<\/title>\n<meta name=\"robots\" content=\"index, follow, max-snippet:-1, max-image-preview:large, max-video-preview:-1\" \/>\n<link rel=\"canonical\" href=\"https:\/\/staging.kiusamisvaba.ee\/ru\/product\/heategevuslik-t-sark-meestele\/\" \/>\n<meta property=\"og:locale\" content=\"ru_RU\" \/>\n<meta property=\"og:type\" content=\"article\" \/>\n<meta property=\"og:title\" content=\"Heategevuslik t-s\u00e4rk meestele ru - Kiusamisvaba Kool\" \/>\n<meta property=\"og:description\" content=\"Sinist v\u00e4rvi T-s\u00e4rki kaunistavad Kiusamisvaba Kooli logom\u00e4rgist inspireeritud n\u00e4okesed ning h\u00fc\u00fcdlause \u201cKiusule kriips peale!\u201d Klassikaline \u00fcmarkaelusega meeste T-s\u00e4rk on silikoont\u00f6\u00f6tluega ning saadaval suurustes S-3XL. NB! Tellida soovitame \u00fche numbri v\u00f5rra suurema kui tavap\u00e4raselt kantav suurus.\u00a0Materjal: 100% puuvill; paksus 160 g\/m\u00b2. Toote hinnast 50% l\u00e4heb SA Kiusamisvaba Kooli tegevuse toetuseks, sh KiVa programmi levitamiseks Eesti koolides. [&hellip;]\" \/>\n<meta property=\"og:url\" content=\"https:\/\/staging.kiusamisvaba.ee\/ru\/product\/heategevuslik-t-sark-meestele\/\" \/>\n<meta property=\"og:site_name\" content=\"Kiusamisvaba Kool\" \/>\n<meta property=\"article:publisher\" content=\"https:\/\/www.facebook.com\/kiusamisvabakool\" \/>\n<meta property=\"article:modified_time\" content=\"2024-03-21T14:01:39+00:00\" \/>\n<meta property=\"og:image\" content=\"https:\/\/staging.kiusamisvaba.ee\/wp-content\/uploads\/2023\/08\/meestesark_tagant.png\" \/>\n\t<meta property=\"og:image:width\" content=\"1365\" \/>\n\t<meta property=\"og:image:height\" content=\"1178\" \/>\n\t<meta property=\"og:image:type\" content=\"image\/png\" \/>\n<meta name=\"twitter:card\" content=\"summary_large_image\" \/>\n<meta name=\"twitter:label1\" content=\"Est. reading time\" \/>\n\t<meta name=\"twitter:data1\" content=\"1 minute\" \/>\n<script type=\"application\/ld+json\" class=\"yoast-schema-graph\">{\"@context\":\"https:\/\/schema.org\",\"@graph\":[{\"@type\":\"WebPage\",\"@id\":\"https:\/\/staging.kiusamisvaba.ee\/ru\/product\/heategevuslik-t-sark-meestele\/\",\"url\":\"https:\/\/staging.kiusamisvaba.ee\/ru\/product\/heategevuslik-t-sark-meestele\/\",\"name\":\"Heategevuslik t-s\u00e4rk meestele ru - Kiusamisvaba Kool\",\"isPartOf\":{\"@id\":\"https:\/\/staging.kiusamisvaba.ee\/#website\"},\"primaryImageOfPage\":{\"@id\":\"https:\/\/staging.kiusamisvaba.ee\/ru\/product\/heategevuslik-t-sark-meestele\/#primaryimage\"},\"image\":{\"@id\":\"https:\/\/staging.kiusamisvaba.ee\/ru\/product\/heategevuslik-t-sark-meestele\/#primaryimage\"},\"thumbnailUrl\":\"https:\/\/staging.kiusamisvaba.ee\/wp-content\/uploads\/2023\/08\/meestesark_tagant.png\",\"datePublished\":\"2023-08-31T08:40:03+00:00\",\"dateModified\":\"2024-03-21T14:01:39+00:00\",\"breadcrumb\":{\"@id\":\"https:\/\/staging.kiusamisvaba.ee\/ru\/product\/heategevuslik-t-sark-meestele\/#breadcrumb\"},\"inLanguage\":\"ru-RU\",\"potentialAction\":[{\"@type\":\"ReadAction\",\"target\":[\"https:\/\/staging.kiusamisvaba.ee\/ru\/product\/heategevuslik-t-sark-meestele\/\"]}]},{\"@type\":\"ImageObject\",\"inLanguage\":\"ru-RU\",\"@id\":\"https:\/\/staging.kiusamisvaba.ee\/ru\/product\/heategevuslik-t-sark-meestele\/#primaryimage\",\"url\":\"https:\/\/staging.kiusamisvaba.ee\/wp-content\/uploads\/2023\/08\/meestesark_tagant.png\",\"contentUrl\":\"https:\/\/staging.kiusamisvaba.ee\/wp-content\/uploads\/2023\/08\/meestesark_tagant.png\",\"width\":1365,\"height\":1178},{\"@type\":\"BreadcrumbList\",\"@id\":\"https:\/\/staging.kiusamisvaba.ee\/ru\/product\/heategevuslik-t-sark-meestele\/#breadcrumb\",\"itemListElement\":[{\"@type\":\"ListItem\",\"position\":1,\"name\":\"Avaleht\",\"item\":\"https:\/\/staging.kiusamisvaba.ee\/ru\/\"},{\"@type\":\"ListItem\",\"position\":2,\"name\":\"Heategevuslik t-s\u00e4rk meestele ru\"}]},{\"@type\":\"WebSite\",\"@id\":\"https:\/\/staging.kiusamisvaba.ee\/#website\",\"url\":\"https:\/\/staging.kiusamisvaba.ee\/\",\"name\":\"Kiusamisvaba Kool\",\"description\":\"\u00d5nnelikuks inimeseks kasvamise nimel!\",\"publisher\":{\"@id\":\"https:\/\/staging.kiusamisvaba.ee\/#\/schema\/person\/d5a6b62162e4c0225d82a893fa1a6821\"},\"potentialAction\":[{\"@type\":\"SearchAction\",\"target\":{\"@type\":\"EntryPoint\",\"urlTemplate\":\"https:\/\/staging.kiusamisvaba.ee\/?s={search_term_string}\"},\"query-input\":\"required name=search_term_string\"}],\"inLanguage\":\"ru-RU\"},{\"@type\":[\"Person\",\"Organization\"],\"@id\":\"https:\/\/staging.kiusamisvaba.ee\/#\/schema\/person\/d5a6b62162e4c0225d82a893fa1a6821\",\"name\":\"chomnan\",\"image\":{\"@type\":\"ImageObject\",\"inLanguage\":\"ru-RU\",\"@id\":\"https:\/\/staging.kiusamisvaba.ee\/#\/schema\/person\/image\/\",\"url\":\"https:\/\/secure.gravatar.com\/avatar\/1b266a257274dc47f9634121eb1f5d6209c3ae3e644dea500348ab48cf3a72be?s=96&d=mm&r=g\",\"contentUrl\":\"https:\/\/secure.gravatar.com\/avatar\/1b266a257274dc47f9634121eb1f5d6209c3ae3e644dea500348ab48cf3a72be?s=96&d=mm&r=g\",\"caption\":\"chomnan\"},\"logo\":{\"@id\":\"https:\/\/staging.kiusamisvaba.ee\/#\/schema\/person\/image\/\"},\"sameAs\":[\"http:\/\/kiva.local\/wp\",\"https:\/\/www.facebook.com\/kiusamisvabakool\",\"https:\/\/www.instagram.com\/kiusamisvaba_kool\/\",\"https:\/\/www.linkedin.com\/company\/kiusamisvabakool\/\",\"https:\/\/www.youtube.com\/channel\/UCdz6aFWGPuFZysR7TQSW_TQ\"]}]}<\/script>\n<!-- \/ Yoast SEO plugin. -->","yoast_head_json":{"title":"Heategevuslik t-s\u00e4rk meestele ru - Kiusamisvaba Kool","robots":{"index":"index","follow":"follow","max-snippet":"max-snippet:-1","max-image-preview":"max-image-preview:large","max-video-preview":"max-video-preview:-1"},"canonical":"https:\/\/staging.kiusamisvaba.ee\/ru\/product\/heategevuslik-t-sark-meestele\/","og_locale":"ru_RU","og_type":"article","og_title":"Heategevuslik t-s\u00e4rk meestele ru - Kiusamisvaba Kool","og_description":"Sinist v\u00e4rvi T-s\u00e4rki kaunistavad Kiusamisvaba Kooli logom\u00e4rgist inspireeritud n\u00e4okesed ning h\u00fc\u00fcdlause \u201cKiusule kriips peale!\u201d Klassikaline \u00fcmarkaelusega meeste T-s\u00e4rk on silikoont\u00f6\u00f6tluega ning saadaval suurustes S-3XL. NB! Tellida soovitame \u00fche numbri v\u00f5rra suurema kui tavap\u00e4raselt kantav suurus.\u00a0Materjal: 100% puuvill; paksus 160 g\/m\u00b2. Toote hinnast 50% l\u00e4heb SA Kiusamisvaba Kooli tegevuse toetuseks, sh KiVa programmi levitamiseks Eesti koolides. [&hellip;]","og_url":"https:\/\/staging.kiusamisvaba.ee\/ru\/product\/heategevuslik-t-sark-meestele\/","og_site_name":"Kiusamisvaba Kool","article_publisher":"https:\/\/www.facebook.com\/kiusamisvabakool","article_modified_time":"2024-03-21T14:01:39+00:00","og_image":[{"width":1365,"height":1178,"url":"https:\/\/staging.kiusamisvaba.ee\/wp-content\/uploads\/2023\/08\/meestesark_tagant.png","type":"image\/png"}],"twitter_card":"summary_large_image","twitter_misc":{"Est. reading time":"1 minute"},"schema":{"@context":"https:\/\/schema.org","@graph":[{"@type":"WebPage","@id":"https:\/\/staging.kiusamisvaba.ee\/ru\/product\/heategevuslik-t-sark-meestele\/","url":"https:\/\/staging.kiusamisvaba.ee\/ru\/product\/heategevuslik-t-sark-meestele\/","name":"Heategevuslik t-s\u00e4rk meestele ru - Kiusamisvaba Kool","isPartOf":{"@id":"https:\/\/staging.kiusamisvaba.ee\/#website"},"primaryImageOfPage":{"@id":"https:\/\/staging.kiusamisvaba.ee\/ru\/product\/heategevuslik-t-sark-meestele\/#primaryimage"},"image":{"@id":"https:\/\/staging.kiusamisvaba.ee\/ru\/product\/heategevuslik-t-sark-meestele\/#primaryimage"},"thumbnailUrl":"https:\/\/staging.kiusamisvaba.ee\/wp-content\/uploads\/2023\/08\/meestesark_tagant.png","datePublished":"2023-08-31T08:40:03+00:00","dateModified":"2024-03-21T14:01:39+00:00","breadcrumb":{"@id":"https:\/\/staging.kiusamisvaba.ee\/ru\/product\/heategevuslik-t-sark-meestele\/#breadcrumb"},"inLanguage":"ru-RU","potentialAction":[{"@type":"ReadAction","target":["https:\/\/staging.kiusamisvaba.ee\/ru\/product\/heategevuslik-t-sark-meestele\/"]}]},{"@type":"ImageObject","inLanguage":"ru-RU","@id":"https:\/\/staging.kiusamisvaba.ee\/ru\/product\/heategevuslik-t-sark-meestele\/#primaryimage","url":"https:\/\/staging.kiusamisvaba.ee\/wp-content\/uploads\/2023\/08\/meestesark_tagant.png","contentUrl":"https:\/\/staging.kiusamisvaba.ee\/wp-content\/uploads\/2023\/08\/meestesark_tagant.png","width":1365,"height":1178},{"@type":"BreadcrumbList","@id":"https:\/\/staging.kiusamisvaba.ee\/ru\/product\/heategevuslik-t-sark-meestele\/#breadcrumb","itemListElement":[{"@type":"ListItem","position":1,"name":"Avaleht","item":"https:\/\/staging.kiusamisvaba.ee\/ru\/"},{"@type":"ListItem","position":2,"name":"Heategevuslik t-s\u00e4rk meestele ru"}]},{"@type":"WebSite","@id":"https:\/\/staging.kiusamisvaba.ee\/#website","url":"https:\/\/staging.kiusamisvaba.ee\/","name":"Kiusamisvaba Kool","description":"\u00d5nnelikuks inimeseks kasvamise nimel!","publisher":{"@id":"https:\/\/staging.kiusamisvaba.ee\/#\/schema\/person\/d5a6b62162e4c0225d82a893fa1a6821"},"potentialAction":[{"@type":"SearchAction","target":{"@type":"EntryPoint","urlTemplate":"https:\/\/staging.kiusamisvaba.ee\/?s={search_term_string}"},"query-input":"required name=search_term_string"}],"inLanguage":"ru-RU"},{"@type":["Person","Organization"],"@id":"https:\/\/staging.kiusamisvaba.ee\/#\/schema\/person\/d5a6b62162e4c0225d82a893fa1a6821","name":"chomnan","image":{"@type":"ImageObject","inLanguage":"ru-RU","@id":"https:\/\/staging.kiusamisvaba.ee\/#\/schema\/person\/image\/","url":"https:\/\/secure.gravatar.com\/avatar\/1b266a257274dc47f9634121eb1f5d6209c3ae3e644dea500348ab48cf3a72be?s=96&d=mm&r=g","contentUrl":"https:\/\/secure.gravatar.com\/avatar\/1b266a257274dc47f9634121eb1f5d6209c3ae3e644dea500348ab48cf3a72be?s=96&d=mm&r=g","caption":"chomnan"},"logo":{"@id":"https:\/\/staging.kiusamisvaba.ee\/#\/schema\/person\/image\/"},"sameAs":["http:\/\/kiva.local\/wp","https:\/\/www.facebook.com\/kiusamisvabakool","https:\/\/www.instagram.com\/kiusamisvaba_kool\/","https:\/\/www.linkedin.com\/company\/kiusamisvabakool\/","https:\/\/www.youtube.com\/channel\/UCdz6aFWGPuFZysR7TQSW_TQ"]}]}},"_links":{"self":[{"href":"https:\/\/staging.kiusamisvaba.ee\/ru\/wp-json\/wp\/v2\/product\/21245","targetHints":{"allow":["GET"]}}],"collection":[{"href":"https:\/\/staging.kiusamisvaba.ee\/ru\/wp-json\/wp\/v2\/product"}],"about":[{"href":"https:\/\/staging.kiusamisvaba.ee\/ru\/wp-json\/wp\/v2\/types\/product"}],"replies":[{"embeddable":true,"href":"https:\/\/staging.kiusamisvaba.ee\/ru\/wp-json\/wp\/v2\/comments?post=21245"}],"wp:featuredmedia":[{"embeddable":true,"href":"https:\/\/staging.kiusamisvaba.ee\/ru\/wp-json\/wp\/v2\/media\/16901"}],"wp:attachment":[{"href":"https:\/\/staging.kiusamisvaba.ee\/ru\/wp-json\/wp\/v2\/media?parent=21245"}],"wp:term":[{"taxonomy":"product_cat","embeddable":true,"href":"https:\/\/staging.kiusamisvaba.ee\/ru\/wp-json\/wp\/v2\/product_cat?post=21245"},{"taxonomy":"product_tag","embeddable":true,"href":"https:\/\/staging.kiusamisvaba.ee\/ru\/wp-json\/wp\/v2\/product_tag?post=21245"}],"curies":[{"name":"wp","href":"https:\/\/api.w.org\/{rel}","templated":true}]}}